{"id":148,"date":"2024-11-25T01:32:24","date_gmt":"2024-11-25T01:32:24","guid":{"rendered":"https:\/\/www.aluminismestre.com\/?page_id=148"},"modified":"2024-11-25T02:02:05","modified_gmt":"2024-11-25T02:02:05","slug":"estructuras-curvas","status":"publish","type":"page","link":"https:\/\/www.aluminismestre.com\/index.php\/estructuras-curvas\/","title":{"rendered":"Estructuras Curvas"},"content":{"rendered":"<p>[et_pb_section fb_built=\u00bb1&#8243; admin_label=\u00bbsection\u00bb _builder_version=\u00bb4.27.3&#8243; background_image=\u00bbhttp:\/\/www.aluminismestre.com\/wp-content\/uploads\/2024\/11\/2.jpg\u00bb parallax=\u00bbon\u00bb parallax_method=\u00bboff\u00bb hover_enabled=\u00bb0&#8243; global_colors_info=\u00bb{}\u00bb theme_builder_area=\u00bbpost_content\u00bb title_text=\u00bb2&#8243; sticky_enabled=\u00bb0&#8243;][et_pb_row admin_label=\u00bbrow\u00bb _builder_version=\u00bb4.16&#8243; background_size=\u00bbinitial\u00bb background_position=\u00bbtop_left\u00bb background_repeat=\u00bbrepeat\u00bb global_colors_info=\u00bb{}\u00bb theme_builder_area=\u00bbpost_content\u00bb][et_pb_column type=\u00bb4_4&#8243; _builder_version=\u00bb4.16&#8243; custom_padding=\u00bb|||\u00bb global_colors_info=\u00bb{}\u00bb custom_padding__hover=\u00bb|||\u00bb theme_builder_area=\u00bbpost_content\u00bb][et_pb_divider show_divider=\u00bboff\u00bb disabled_on=\u00bbon|on|\u00bb _builder_version=\u00bb4.16&#8243; height=\u00bb100px\u00bb global_colors_info=\u00bb{}\u00bb theme_builder_area=\u00bbpost_content\u00bb][\/et_pb_divider][et_pb_text _builder_version=\u00bb4.16&#8243; text_font_size=\u00bb50&#8243; background_size=\u00bbinitial\u00bb background_position=\u00bbtop_left\u00bb background_repeat=\u00bbrepeat\u00bb text_orientation=\u00bbcenter\u00bb background_layout=\u00bbdark\u00bb module_alignment=\u00bbcenter\u00bb custom_padding=\u00bb100px||100px|\u00bb border_style=\u00bbsolid\u00bb global_colors_info=\u00bb{}\u00bb theme_builder_area=\u00bbpost_content\u00bb]<\/p>\n<h1 style=\"text-align: center;\"><strong>Estructuras Curvas<\/strong><\/h1>\n<p>[\/et_pb_text][et_pb_divider show_divider=\u00bboff\u00bb disabled_on=\u00bbon|on|\u00bb _builder_version=\u00bb4.16&#8243; height=\u00bb100px\u00bb global_colors_info=\u00bb{}\u00bb theme_builder_area=\u00bbpost_content\u00bb][\/et_pb_divider][\/et_pb_column][\/et_pb_row][\/et_pb_section][et_pb_section fb_built=\u00bb1&#8243; _builder_version=\u00bb4.16&#8243; global_colors_info=\u00bb{}\u00bb theme_builder_area=\u00bbpost_content\u00bb][et_pb_row _builder_version=\u00bb4.16&#8243; background_size=\u00bbinitial\u00bb background_position=\u00bbtop_left\u00bb background_repeat=\u00bbrepeat\u00bb custom_padding=\u00bb|||0px||\u00bb global_colors_info=\u00bb{}\u00bb theme_builder_area=\u00bbpost_content\u00bb][et_pb_column type=\u00bb4_4&#8243; _builder_version=\u00bb4.16&#8243; custom_padding=\u00bb|||\u00bb global_colors_info=\u00bb{}\u00bb custom_padding__hover=\u00bb|||\u00bb theme_builder_area=\u00bbpost_content\u00bb][et_pb_text _builder_version=\u00bb4.16&#8243; text_font_size=\u00bb20&#8243; background_size=\u00bbinitial\u00bb background_position=\u00bbtop_left\u00bb background_repeat=\u00bbrepeat\u00bb text_orientation=\u00bbcenter\u00bb module_alignment=\u00bbcenter\u00bb border_style=\u00bbsolid\u00bb global_colors_info=\u00bb{}\u00bb theme_builder_area=\u00bbpost_content\u00bb]<\/p>\n<h2 style=\"text-align: center;\"><strong>ESTRUCTURAS CURVAS<\/strong><strong><\/strong><\/h2>\n<p><strong><\/strong><\/p>\n<p><strong>Estructuras Curvas de Aluminio para Todo Tipo de Proyectos<\/strong><\/p>\n<p>En Aluminis Maestre, somos l\u00edderes en la creaci\u00f3n de estructuras curvas de aluminio, aportando m\u00e1s de 20 a\u00f1os de experiencia en proyectos que van desde viviendas y jardines hasta edificaciones comerciales e industriales. Nuestro dominio en el curvado del aluminio nos permite dise\u00f1ar soluciones \u00fanicas, adaptadas a las necesidades de cada cliente y espacio.<\/p>\n<p>Estas estructuras curvas destacan por su elegancia y funcionalidad, transformando cualquier entorno en un lugar innovador y visualmente impactante. Desde p\u00e9rgolas y porches con l\u00edneas fluidas hasta detalles arquitect\u00f3nicos distintivos, ofrecemos dise\u00f1os que combinan est\u00e9tica, resistencia y personalizaci\u00f3n.<\/p>\n<p>Trabajamos con materiales de alta calidad y t\u00e9cnicas avanzadas para garantizar acabados impecables y estructuras duraderas, capaces de soportar las exigencias del tiempo y el uso. Cada proyecto refleja nuestro compromiso con la innovaci\u00f3n, el detalle y la satisfacci\u00f3n del cliente.<\/p>\n<p>Si buscas estructuras curvas que realcen la belleza y la funcionalidad de tu proyecto, en [Nombre de la Empresa] tenemos la experiencia y el conocimiento para hacerlo realidad. \u00a1Dale un toque \u00fanico a tus espacios con nuestras soluciones personalizadas!<\/p>\n<ul><\/ul>\n<p>[\/et_pb_text][\/et_pb_column][\/et_pb_row][\/et_pb_section]<\/p>\n","protected":false},"excerpt":{"rendered":"<p>Estructuras CurvasESTRUCTURAS CURVAS Estructuras Curvas de Aluminio para Todo Tipo de Proyectos En Aluminis Maestre, somos l\u00edderes en la creaci\u00f3n de estructuras curvas de aluminio, aportando m\u00e1s de 20 a\u00f1os de experiencia en proyectos que van desde viviendas y jardines hasta edificaciones comerciales e industriales. Nuestro dominio en el curvado del aluminio nos permite dise\u00f1ar [&hellip;]<\/p>\n","protected":false},"author":1,"featured_media":0,"parent":0,"menu_order":0,"comment_status":"closed","ping_status":"closed","template":"","meta":{"_et_pb_use_builder":"on","_et_pb_old_content":"","_et_gb_content_width":"","footnotes":""},"class_list":["post-148","page","type-page","status-publish","hentry"],"_links":{"self":[{"href":"https:\/\/www.aluminismestre.com\/index.php\/wp-json\/wp\/v2\/pages\/148","targetHints":{"allow":["GET"]}}],"collection":[{"href":"https:\/\/www.aluminismestre.com\/index.php\/wp-json\/wp\/v2\/pages"}],"about":[{"href":"https:\/\/www.aluminismestre.com\/index.php\/wp-json\/wp\/v2\/types\/page"}],"author":[{"embeddable":true,"href":"https:\/\/www.aluminismestre.com\/index.php\/wp-json\/wp\/v2\/users\/1"}],"replies":[{"embeddable":true,"href":"https:\/\/www.aluminismestre.com\/index.php\/wp-json\/wp\/v2\/comments?post=148"}],"version-history":[{"count":3,"href":"https:\/\/www.aluminismestre.com\/index.php\/wp-json\/wp\/v2\/pages\/148\/revisions"}],"predecessor-version":[{"id":166,"href":"https:\/\/www.aluminismestre.com\/index.php\/wp-json\/wp\/v2\/pages\/148\/revisions\/166"}],"wp:attachment":[{"href":"https:\/\/www.aluminismestre.com\/index.php\/wp-json\/wp\/v2\/media?parent=148"}],"curies":[{"name":"wp","href":"https:\/\/api.w.org\/{rel}","templated":true}]}}