{"id":145,"date":"2024-11-25T01:32:03","date_gmt":"2024-11-25T01:32:03","guid":{"rendered":"https:\/\/www.aluminismestre.com\/?page_id=145"},"modified":"2024-11-25T01:41:50","modified_gmt":"2024-11-25T01:41:50","slug":"cerramientos-de-aluminio","status":"publish","type":"page","link":"https:\/\/www.aluminismestre.com\/index.php\/cerramientos-de-aluminio\/","title":{"rendered":"Cerramientos de Aluminio"},"content":{"rendered":"<p>[et_pb_section fb_built=\u00bb1&#8243; admin_label=\u00bbsection\u00bb _builder_version=\u00bb4.27.3&#8243; background_image=\u00bbhttp:\/\/www.aluminismestre.com\/wp-content\/uploads\/2024\/11\/CERRA-6-1.jpg\u00bb parallax=\u00bbon\u00bb parallax_method=\u00bboff\u00bb hover_enabled=\u00bb0&#8243; global_colors_info=\u00bb{}\u00bb theme_builder_area=\u00bbpost_content\u00bb title_text=\u00bbCERRA 6&#8243; sticky_enabled=\u00bb0&#8243;][et_pb_row admin_label=\u00bbrow\u00bb _builder_version=\u00bb4.16&#8243; background_size=\u00bbinitial\u00bb background_position=\u00bbtop_left\u00bb background_repeat=\u00bbrepeat\u00bb global_colors_info=\u00bb{}\u00bb theme_builder_area=\u00bbpost_content\u00bb][et_pb_column type=\u00bb4_4&#8243; _builder_version=\u00bb4.16&#8243; custom_padding=\u00bb|||\u00bb global_colors_info=\u00bb{}\u00bb custom_padding__hover=\u00bb|||\u00bb theme_builder_area=\u00bbpost_content\u00bb][et_pb_divider show_divider=\u00bboff\u00bb disabled_on=\u00bbon|on|\u00bb _builder_version=\u00bb4.16&#8243; height=\u00bb100px\u00bb global_colors_info=\u00bb{}\u00bb theme_builder_area=\u00bbpost_content\u00bb][\/et_pb_divider][et_pb_text _builder_version=\u00bb4.16&#8243; text_font_size=\u00bb50&#8243; background_size=\u00bbinitial\u00bb background_position=\u00bbtop_left\u00bb background_repeat=\u00bbrepeat\u00bb text_orientation=\u00bbcenter\u00bb background_layout=\u00bbdark\u00bb module_alignment=\u00bbcenter\u00bb custom_padding=\u00bb100px||100px|\u00bb border_style=\u00bbsolid\u00bb global_colors_info=\u00bb{}\u00bb theme_builder_area=\u00bbpost_content\u00bb]<\/p>\n<h1 style=\"text-align: center;\"><strong>Cerramientos de Aluminio<\/strong><\/h1>\n<p>[\/et_pb_text][et_pb_divider show_divider=\u00bboff\u00bb disabled_on=\u00bbon|on|\u00bb _builder_version=\u00bb4.16&#8243; height=\u00bb100px\u00bb global_colors_info=\u00bb{}\u00bb theme_builder_area=\u00bbpost_content\u00bb][\/et_pb_divider][\/et_pb_column][\/et_pb_row][\/et_pb_section][et_pb_section fb_built=\u00bb1&#8243; _builder_version=\u00bb4.16&#8243; global_colors_info=\u00bb{}\u00bb theme_builder_area=\u00bbpost_content\u00bb][et_pb_row _builder_version=\u00bb4.16&#8243; background_size=\u00bbinitial\u00bb background_position=\u00bbtop_left\u00bb background_repeat=\u00bbrepeat\u00bb custom_padding=\u00bb|||0px||\u00bb global_colors_info=\u00bb{}\u00bb theme_builder_area=\u00bbpost_content\u00bb][et_pb_column type=\u00bb4_4&#8243; _builder_version=\u00bb4.16&#8243; custom_padding=\u00bb|||\u00bb global_colors_info=\u00bb{}\u00bb custom_padding__hover=\u00bb|||\u00bb theme_builder_area=\u00bbpost_content\u00bb][et_pb_text _builder_version=\u00bb4.16&#8243; text_font_size=\u00bb20&#8243; background_size=\u00bbinitial\u00bb background_position=\u00bbtop_left\u00bb background_repeat=\u00bbrepeat\u00bb text_orientation=\u00bbcenter\u00bb module_alignment=\u00bbcenter\u00bb border_style=\u00bbsolid\u00bb global_colors_info=\u00bb{}\u00bb theme_builder_area=\u00bbpost_content\u00bb]<\/p>\n<h2 style=\"text-align: center;\"><strong>CERRAMIENTOS DE ALUMINIO<\/strong><\/h2>\n<p>&nbsp;<\/p>\n<div class=\"group\/conversation-turn relative flex w-full min-w-0 flex-col agent-turn\">\n<div class=\"flex-col gap-1 md:gap-3\">\n<div class=\"flex max-w-full flex-col flex-grow\">\n<div data-message-author-role=\"assistant\" data-message-id=\"5e15a272-c16a-48d4-ab7a-0abaf16d1953\" dir=\"auto\" class=\"min-h-8 text-message flex w-full flex-col items-end gap-2 whitespace-normal break-words [.text-message+&amp;]:mt-5\" data-message-model-slug=\"gpt-4o\">\n<div class=\"flex w-full flex-col gap-1 empty:hidden first:pt-[3px]\">\n<div class=\"markdown prose w-full break-words dark:prose-invert light\">\n<p><strong>Expertos en Cerramientos de Aluminio para Todo Tipo de Proyectos<\/strong><\/p>\n<p>En Aluminis Mestre, nos especializamos en dise\u00f1ar y fabricar cerramientos de aluminio que combinan funcionalidad, est\u00e9tica y durabilidad. Gracias a nuestra experiencia de m\u00e1s de 20 a\u00f1os, hemos desarrollado soluciones personalizadas para proyectos residenciales, comerciales e industriales, adapt\u00e1ndonos siempre a las necesidades espec\u00edficas de cada cliente.<\/p>\n<p>Nuestra capacidad para trabajar con aluminio de alta calidad nos permite crear cerramientos vers\u00e1tiles: desde ventanas y puertas hasta grandes estructuras como porches, p\u00e9rgolas o galer\u00edas. Adem\u00e1s, destacamos en el curvado del aluminio, ofreciendo dise\u00f1os \u00fanicos y elegantes que marcan la diferencia en cualquier espacio.<\/p>\n<p>Cada proyecto refleja nuestra dedicaci\u00f3n al detalle, nuestro compromiso con la innovaci\u00f3n y nuestra pasi\u00f3n por entregar resultados que superen expectativas. Si buscas cerramientos de aluminio que ofrezcan seguridad, eficiencia energ\u00e9tica y estilo, somos la elecci\u00f3n ideal. \u00a1Conf\u00eda en nuestra experiencia para transformar tu espacio!<\/p>\n<\/div>\n<\/div>\n<\/div>\n<\/div>\n<\/div>\n<\/div>\n<p>[\/et_pb_text][\/et_pb_column][\/et_pb_row][\/et_pb_section]<\/p>\n","protected":false},"excerpt":{"rendered":"<p>Cerramientos de AluminioCERRAMIENTOS DE ALUMINIO &nbsp; Expertos en Cerramientos de Aluminio para Todo Tipo de Proyectos En Aluminis Mestre, nos especializamos en dise\u00f1ar y fabricar cerramientos de aluminio que combinan funcionalidad, est\u00e9tica y durabilidad. Gracias a nuestra experiencia de m\u00e1s de 20 a\u00f1os, hemos desarrollado soluciones personalizadas para proyectos residenciales, comerciales e industriales, adapt\u00e1ndonos siempre [&hellip;]<\/p>\n","protected":false},"author":1,"featured_media":0,"parent":0,"menu_order":0,"comment_status":"closed","ping_status":"closed","template":"","meta":{"_et_pb_use_builder":"on","_et_pb_old_content":"","_et_gb_content_width":"","footnotes":""},"class_list":["post-145","page","type-page","status-publish","hentry"],"_links":{"self":[{"href":"https:\/\/www.aluminismestre.com\/index.php\/wp-json\/wp\/v2\/pages\/145","targetHints":{"allow":["GET"]}}],"collection":[{"href":"https:\/\/www.aluminismestre.com\/index.php\/wp-json\/wp\/v2\/pages"}],"about":[{"href":"https:\/\/www.aluminismestre.com\/index.php\/wp-json\/wp\/v2\/types\/page"}],"author":[{"embeddable":true,"href":"https:\/\/www.aluminismestre.com\/index.php\/wp-json\/wp\/v2\/users\/1"}],"replies":[{"embeddable":true,"href":"https:\/\/www.aluminismestre.com\/index.php\/wp-json\/wp\/v2\/comments?post=145"}],"version-history":[{"count":3,"href":"https:\/\/www.aluminismestre.com\/index.php\/wp-json\/wp\/v2\/pages\/145\/revisions"}],"predecessor-version":[{"id":151,"href":"https:\/\/www.aluminismestre.com\/index.php\/wp-json\/wp\/v2\/pages\/145\/revisions\/151"}],"wp:attachment":[{"href":"https:\/\/www.aluminismestre.com\/index.php\/wp-json\/wp\/v2\/media?parent=145"}],"curies":[{"name":"wp","href":"https:\/\/api.w.org\/{rel}","templated":true}]}}