{"id":139,"date":"2024-11-25T01:30:25","date_gmt":"2024-11-25T01:30:25","guid":{"rendered":"https:\/\/www.aluminismestre.com\/?page_id=139"},"modified":"2025-01-02T16:29:13","modified_gmt":"2025-01-02T16:29:13","slug":"creacion-de-ventanas-personalizadas","status":"publish","type":"page","link":"https:\/\/www.aluminismestre.com\/index.php\/creacion-de-ventanas-personalizadas\/","title":{"rendered":"Creaci\u00f3n de Ventanas y puertas de Aluminio y PVC Personalizadas"},"content":{"rendered":"\n[et_pb_section fb_built=\u00bb1&#8243; admin_label=\u00bbsection\u00bb _builder_version=\u00bb4.27.3&#8243; background_image=\u00bbhttp:\/\/www.aluminismestre.com\/wp-content\/uploads\/2024\/11\/0-36c4c3f7-0ac7-438e-8299-8315443c4a2b-512&#215;512.jpg\u00bb parallax=\u00bbon\u00bb parallax_method=\u00bboff\u00bb global_colors_info=\u00bb{}\u00bb][et_pb_row admin_label=\u00bbrow\u00bb _builder_version=\u00bb4.16&#8243; background_size=\u00bbinitial\u00bb background_position=\u00bbtop_left\u00bb background_repeat=\u00bbrepeat\u00bb global_colors_info=\u00bb{}\u00bb][et_pb_column type=\u00bb4_4&#8243; _builder_version=\u00bb4.16&#8243; custom_padding=\u00bb|||\u00bb global_colors_info=\u00bb{}\u00bb custom_padding__hover=\u00bb|||\u00bb][et_pb_divider show_divider=\u00bboff\u00bb disabled_on=\u00bbon|on|\u00bb _builder_version=\u00bb4.16&#8243; height=\u00bb100px\u00bb global_colors_info=\u00bb{}\u00bb][\/et_pb_divider][et_pb_text _builder_version=\u00bb4.16&#8243; text_font_size=\u00bb50&#8243; background_size=\u00bbinitial\u00bb background_position=\u00bbtop_left\u00bb background_repeat=\u00bbrepeat\u00bb text_orientation=\u00bbcenter\u00bb background_layout=\u00bbdark\u00bb module_alignment=\u00bbcenter\u00bb custom_padding=\u00bb100px||100px|\u00bb border_style=\u00bbsolid\u00bb global_colors_info=\u00bb{}\u00bb]<h1 style=\"text-align: center;\"><strong>Creaci\u00f3n de Ventanas y puertas de Aluminio de PVC personalizadas<\/strong><\/h1>[\/et_pb_text][et_pb_divider show_divider=\u00bboff\u00bb disabled_on=\u00bbon|on|\u00bb _builder_version=\u00bb4.16&#8243; height=\u00bb100px\u00bb global_colors_info=\u00bb{}\u00bb][\/et_pb_divider][\/et_pb_column][\/et_pb_row][\/et_pb_section][et_pb_section fb_built=\u00bb1&#8243; _builder_version=\u00bb4.16&#8243; global_colors_info=\u00bb{}\u00bb][et_pb_row _builder_version=\u00bb4.16&#8243; background_size=\u00bbinitial\u00bb background_position=\u00bbtop_left\u00bb background_repeat=\u00bbrepeat\u00bb custom_padding=\u00bb|||0px||\u00bb global_colors_info=\u00bb{}\u00bb][et_pb_column type=\u00bb4_4&#8243; _builder_version=\u00bb4.16&#8243; custom_padding=\u00bb|||\u00bb global_colors_info=\u00bb{}\u00bb custom_padding__hover=\u00bb|||\u00bb][et_pb_text _builder_version=\u00bb4.27.3&#8243; text_font_size=\u00bb20&#8243; background_size=\u00bbinitial\u00bb background_position=\u00bbtop_left\u00bb background_repeat=\u00bbrepeat\u00bb text_orientation=\u00bbcenter\u00bb module_alignment=\u00bbcenter\u00bb border_style=\u00bbsolid\u00bb global_colors_info=\u00bb{}\u00bb]<h2 style=\"text-align: center;\">\u00a0\u00a0<strong><\/strong><\/h2>\n<h2 style=\"text-align: center;\"><strong>CREACION DE VENTANAS PERSONALIZADAS<\/strong><\/h2>\n<p>&nbsp;<\/p>\n<p><strong>Ventanas Personalizadas para Cada Proyecto<\/strong><\/p>\n<p>En Aluminis Mestre, somos especialistas en la creaci\u00f3n de ventanas tanto de Aluminio como en PVC personalizadas que se adaptan perfectamente a las necesidades y gustos de cada cliente. Nuestra experiencia en el sector de la carpinter\u00eda de aluminio, hace que dise\u00f1emos y fabriquemos ventanas y puertas a medida para proyectos residenciales, comerciales e industriales.<\/p>\n<p>Nuestra amplia gama de opciones incluye estilos, acabados y funcionalidades que se ajustan a cualquier espacio. Desde dise\u00f1os cl\u00e1sicos hasta opciones modernas y minimalistas, nuestras puertas y ventanas est\u00e1n pensadas para ofrecer no solo est\u00e9tica, sino tambi\u00e9n aislamiento t\u00e9rmico, eficiencia energ\u00e9tica y durabilidad.<\/p>\n<p>Gracias a nuestra experiencia en el curvado del aluminio, tambi\u00e9n creamos dise\u00f1os \u00fanicos y vanguardistas, ideales para quienes buscan un toque distintivo en sus proyectos.<\/p>\n<p>Conf\u00eda en nosotros para fabricar puertas y ventanas que combinan calidad, innovaci\u00f3n y atenci\u00f3n al detalle, convirti\u00e9ndose en una soluci\u00f3n funcional y elegante para cualquier espacio. \u00a1Tu proyecto merece puertas y ventanas a la altura de tus expectativas!<\/p>\n<ul><\/ul>[\/et_pb_text][\/et_pb_column][\/et_pb_row][\/et_pb_section]\n","protected":false},"excerpt":{"rendered":"<p>Creaci\u00f3n de Ventanas y puertas de Aluminio de PVC personalizadas\u00a0\u00a0 CREACION DE VENTANAS PERSONALIZADAS &nbsp; Ventanas Personalizadas para Cada Proyecto En Aluminis Mestre, somos especialistas en la creaci\u00f3n de ventanas tanto de Aluminio como en PVC personalizadas que se adaptan perfectamente a las necesidades y gustos de cada cliente. Nuestra experiencia en el sector de [&hellip;]<\/p>\n","protected":false},"author":1,"featured_media":0,"parent":0,"menu_order":0,"comment_status":"closed","ping_status":"closed","template":"","meta":{"_et_pb_use_builder":"on","_et_pb_old_content":"","_et_gb_content_width":"","footnotes":""},"class_list":["post-139","page","type-page","status-publish","hentry"],"_links":{"self":[{"href":"https:\/\/www.aluminismestre.com\/index.php\/wp-json\/wp\/v2\/pages\/139","targetHints":{"allow":["GET"]}}],"collection":[{"href":"https:\/\/www.aluminismestre.com\/index.php\/wp-json\/wp\/v2\/pages"}],"about":[{"href":"https:\/\/www.aluminismestre.com\/index.php\/wp-json\/wp\/v2\/types\/page"}],"author":[{"embeddable":true,"href":"https:\/\/www.aluminismestre.com\/index.php\/wp-json\/wp\/v2\/users\/1"}],"replies":[{"embeddable":true,"href":"https:\/\/www.aluminismestre.com\/index.php\/wp-json\/wp\/v2\/comments?post=139"}],"version-history":[{"count":8,"href":"https:\/\/www.aluminismestre.com\/index.php\/wp-json\/wp\/v2\/pages\/139\/revisions"}],"predecessor-version":[{"id":209,"href":"https:\/\/www.aluminismestre.com\/index.php\/wp-json\/wp\/v2\/pages\/139\/revisions\/209"}],"wp:attachment":[{"href":"https:\/\/www.aluminismestre.com\/index.php\/wp-json\/wp\/v2\/media?parent=139"}],"curies":[{"name":"wp","href":"https:\/\/api.w.org\/{rel}","templated":true}]}}